{"id":245,"date":"2019-11-01T04:50:39","date_gmt":"2019-11-01T04:50:39","guid":{"rendered":"http:\/\/motorstest.loc\/?page_id=245"},"modified":"2023-12-05T08:22:21","modified_gmt":"2023-12-05T08:22:21","slug":"faq","status":"publish","type":"page","link":"https:\/\/rentacar383.com\/sq\/faq\/","title":{"rendered":"FAQ"},"content":{"rendered":"<section class=\"wpb-content-wrapper\"><div class=\"vc_row wpb_row vc_row-fluid\"><div class=\"wpb_column vc_column_container vc_col-sm-12\"><div class=\"vc_column-inner\"><div class=\"wpb_wrapper\"><div class=\"vc_tta-container\" data-vc-action=\"collapse\"><div class=\"vc_general vc_tta vc_tta-accordion vc_tta-o-shape-group\"><div class=\"vc_tta-panels-container\"><div class=\"vc_tta-panels\"><div class=\"vc_tta-panel vc_active\" id=\"1572583749078-5fd9862d-f303\" data-vc-content=\".vc_tta-panel-body\"><div class=\"vc_tta-panel-heading\"><h4 class=\"vc_tta-panel-title\"><a href=\"#1572583749078-5fd9862d-f303\" data-vc-accordion data-vc-container=\".vc_tta-container\"><span class=\"vc_tta-title-text\">Ku gjindet \u201cRent a Car 383\u201d?<\/span><i class=\"vc_tta-controls-icon vc_tta-controls-icon-plus\"><\/i><\/a><\/h4><\/div><div class=\"vc_tta-panel-body\">\n\t<div class=\"wpb_text_column wpb_content_element\" >\n\t\t<div class=\"wpb_wrapper\">\n\t\t\t<p>Ne gjindemi n\u00eb lokacionin Magjistralja Prishtin\u00eb Mitrovic\u00eb, km 1-Shkabaj. Por ne jemi aty ku klienti d\u00ebshiron. Me marr\u00ebveshje me klientin vetura sillet dhe merret n\u00eb vende t\u00eb ndryshme.<\/p>\n\n\t\t<\/div>\n\t<\/div>\n<\/div><\/div><div class=\"vc_tta-panel\" id=\"1572583749089-bcd1a1c3-dc5e\" data-vc-content=\".vc_tta-panel-body\"><div class=\"vc_tta-panel-heading\"><h4 class=\"vc_tta-panel-title\"><a href=\"#1572583749089-bcd1a1c3-dc5e\" data-vc-accordion data-vc-container=\".vc_tta-container\"><span class=\"vc_tta-title-text\">Pagesa me EC Kart\u00eb a \u00ebsht\u00eb e mundur?<\/span><i class=\"vc_tta-controls-icon vc_tta-controls-icon-plus\"><\/i><\/a><\/h4><\/div><div class=\"vc_tta-panel-body\">\n\t<div class=\"wpb_text_column wpb_content_element\" >\n\t\t<div class=\"wpb_wrapper\">\n\t\t\t<p>Pagesa me EC kart\u00eb \u00ebsht\u00eb e mundur.<\/p>\n\n\t\t<\/div>\n\t<\/div>\n<\/div><\/div><div class=\"vc_tta-panel\" id=\"1572583795546-3625df72-a0d3\" data-vc-content=\".vc_tta-panel-body\"><div class=\"vc_tta-panel-heading\"><h4 class=\"vc_tta-panel-title\"><a href=\"#1572583795546-3625df72-a0d3\" data-vc-accordion data-vc-container=\".vc_tta-container\"><span class=\"vc_tta-title-text\">A mund t\u00eb marr apo dor\u00ebzoj vetur\u00ebn jasht\u00eb orarit t\u00eb pun\u00ebs suaj zyrtar?<\/span><i class=\"vc_tta-controls-icon vc_tta-controls-icon-plus\"><\/i><\/a><\/h4><\/div><div class=\"vc_tta-panel-body\">\n\t<div class=\"wpb_text_column wpb_content_element\" >\n\t\t<div class=\"wpb_wrapper\">\n\t\t\t<p>Renta a Car 383 punon 24\/7, andaj jeni t\u00eb mir\u00eb se ardhur n\u00eb \u00e7do koh\u00eb. \u00c7do k\u00ebrkes\u00eb e juaj b\u00ebhet e mundur n\u00eb koordinim me stafin ton\u00eb.<\/p>\n\n\t\t<\/div>\n\t<\/div>\n<\/div><\/div><div class=\"vc_tta-panel\" id=\"1572583817752-5dfba6de-2056\" data-vc-content=\".vc_tta-panel-body\"><div class=\"vc_tta-panel-heading\"><h4 class=\"vc_tta-panel-title\"><a href=\"#1572583817752-5dfba6de-2056\" data-vc-accordion data-vc-container=\".vc_tta-container\"><span class=\"vc_tta-title-text\">A jan\u00eb kilometrat e kufizuara?<\/span><i class=\"vc_tta-controls-icon vc_tta-controls-icon-plus\"><\/i><\/a><\/h4><\/div><div class=\"vc_tta-panel-body\">\n\t<div class=\"wpb_text_column wpb_content_element\" >\n\t\t<div class=\"wpb_wrapper\">\n\t\t\t<p>Kilometrat gjat\u00eb marrjes s\u00eb vetur\u00ebs me qira nuk jan\u00eb t\u00eb kufizuara.<\/p>\n\n\t\t<\/div>\n\t<\/div>\n<\/div><\/div><div class=\"vc_tta-panel\" id=\"1701764276826-132facfd-e5d4\" data-vc-content=\".vc_tta-panel-body\"><div class=\"vc_tta-panel-heading\"><h4 class=\"vc_tta-panel-title\"><a href=\"#1701764276826-132facfd-e5d4\" data-vc-accordion data-vc-container=\".vc_tta-container\"><span class=\"vc_tta-title-text\">N\u00eb \u00e7far\u00eb gjendje \u00ebsht\u00eb vetura kur merret me qira?<\/span><i class=\"vc_tta-controls-icon vc_tta-controls-icon-plus\"><\/i><\/a><\/h4><\/div><div class=\"vc_tta-panel-body\">\n\t<div class=\"wpb_text_column wpb_content_element\" >\n\t\t<div class=\"wpb_wrapper\">\n\t\t\t<p>Veturat tona jan\u00eb t\u00eb rregullta teknikisht, t\u00eb past\u00ebrta dhe t\u00eb mbushura plot\u00eb me derivate para marrjes me qira. Vetura duhet t\u00eb kthehet po n\u00eb t\u00eb nj\u00ebjten gjendje sikurse pranohet. Para marrjes dhe pas kthimit vetura do t\u00eb inpsektohet bashk\u00eb me klientin.<\/p>\n\n\t\t<\/div>\n\t<\/div>\n<\/div><\/div><\/div><\/div><\/div><\/div><\/div><\/div><\/div><\/div>\n<\/section>","protected":false},"excerpt":{"rendered":"Where is \"Rent a Car 383\" located? We are located at Pristina Mitrovica Highway, km 1-Shkabaj. But we are where the customer wants. By agreement with the customer, the car is brought and picked up in different places. Is payment by EC Card possible? Payment by EC card is possible. Can I pick up or...","protected":false},"author":1,"featured_media":0,"parent":0,"menu_order":0,"comment_status":"closed","ping_status":"closed","template":"","meta":{"footnotes":""},"class_list":["post-245","page","type-page","status-publish","hentry"],"_links":{"self":[{"href":"https:\/\/rentacar383.com\/sq\/wp-json\/wp\/v2\/pages\/245","targetHints":{"allow":["GET"]}}],"collection":[{"href":"https:\/\/rentacar383.com\/sq\/wp-json\/wp\/v2\/pages"}],"about":[{"href":"https:\/\/rentacar383.com\/sq\/wp-json\/wp\/v2\/types\/page"}],"author":[{"embeddable":true,"href":"https:\/\/rentacar383.com\/sq\/wp-json\/wp\/v2\/users\/1"}],"replies":[{"embeddable":true,"href":"https:\/\/rentacar383.com\/sq\/wp-json\/wp\/v2\/comments?post=245"}],"version-history":[{"count":3,"href":"https:\/\/rentacar383.com\/sq\/wp-json\/wp\/v2\/pages\/245\/revisions"}],"predecessor-version":[{"id":514,"href":"https:\/\/rentacar383.com\/sq\/wp-json\/wp\/v2\/pages\/245\/revisions\/514"}],"wp:attachment":[{"href":"https:\/\/rentacar383.com\/sq\/wp-json\/wp\/v2\/media?parent=245"}],"curies":[{"name":"wp","href":"https:\/\/api.w.org\/{rel}","templated":true}]}}