{"id":3,"date":"2023-11-08T13:50:03","date_gmt":"2023-11-08T13:50:03","guid":{"rendered":"https:\/\/rentacar383.com\/?page_id=3"},"modified":"2023-12-07T12:37:02","modified_gmt":"2023-12-07T12:37:02","slug":"terms-conditions","status":"publish","type":"page","link":"https:\/\/rentacar383.com\/sq\/terms-conditions\/","title":{"rendered":"Kushtet e Rentit"},"content":{"rendered":"<h2 class=\"wp-block-heading has-text-color has-link-color wp-elements-5387ad48f0832fe9da1302ca51e88191\" style=\"color:#153e4d\">\u00c7mimi<\/h2>\n\n\n\n<p>\u00c7mimi p\u00ebrfshin: Sigurim civil, sigurim KASKO, Asistenc\u00eb emergjente rrugore 24\/7, Taksa e Shitjes.<\/p>\n\n\n\n<h2 class=\"wp-block-heading has-text-color has-link-color wp-elements-a8dce607fd229bcdeb90b0207eb50ba4\" style=\"color:#153e4d\">PERIUDHA<\/h2>\n\n\n\n<p>Qiradh\u00ebn\u00ebsi \u00ebsht\u00eb i detyruar t'i siguroj\u00eb qiramarr\u00ebsit nj\u00eb automjet p\u00ebr nj\u00eb \u00e7mim t\u00eb caktuar.<br>Qiramarr\u00ebsi b\u00ebhet pronar i drejt\u00eb i nj\u00eb makine gjat\u00eb periudh\u00ebs s\u00eb qiras\u00eb. Qiradh\u00ebn\u00ebsi siguron makin\u00ebn dhe qiramarr\u00ebsin. Qiradh\u00ebn\u00ebsi \u00ebsht\u00eb i detyruar t\u00eb kontrolloj\u00eb gjendjen e automjetit dhe t\u00eb sigurohet se \u00ebsht\u00eb i sigurt p\u00ebr t'u p\u00ebrdorur p\u00ebrpara marrjes me qira. Makina q\u00eb jep qiradh\u00ebn\u00ebsi duhet t\u00eb jet\u00eb e past\u00ebr dhe e mbushur.<\/p>\n\n\n\n<h2 class=\"wp-block-heading has-text-color has-link-color wp-elements-9fb044dcb328f07123fac0306236fea2\" style=\"color:#153e4d\">KUFIZIMET<\/h2>\n\n\n\n<p>Qiramarr\u00ebsi duhet t\u00eb ket\u00eb t\u00eb pakt\u00ebn nj\u00eb vit p\u00ebrvoj\u00eb n\u00eb ngasjen e vetur\u00ebs. Kilometrat e makin\u00ebs s\u00eb marr\u00eb me qira \u00ebsht\u00eb e pakufizuar.<\/p>\n\n\n\n<h2 class=\"wp-block-heading has-text-color has-link-color wp-elements-e8f21b29365eef7212655464f714af7c\" style=\"color:#153e4d\">P\u00cbRGJEGJ\u00cbSIA E QIRAMARR\u00cbSIT<\/h2>\n\n\n\n<p>Qiramarr\u00ebsi duhet t\u00eb siguroj\u00eb nj\u00eb patent\u00eb shoferi t\u00eb vlefsh\u00ebm, e cila i lejon atij t\u00eb drejtoj\u00eb makin\u00ebn e marr\u00eb me qira. Qiramarr\u00ebsi duhet t\u00eb dor\u00ebzoj\u00eb edhe nj\u00eb pasaport\u00eb ose kart\u00eb identiteti te qiramarr\u00ebsi. Qiramarr\u00ebsi duhet t\u00eb paguaj\u00eb \u00e7mimin e plot\u00eb t\u00eb qiras\u00eb p\u00ebrpara fillimit t\u00eb qiras\u00eb.<br>Qiramarr\u00ebsi duhet t\u00eb l\u00ebr\u00eb nj\u00eb depozit\u00eb p\u00ebr makin\u00ebn e cila varion nga 100 n\u00eb 400 EURO n\u00eb var\u00ebsi t\u00eb klas\u00ebs s\u00eb makin\u00ebs. Q\u00eb mund t\u00eb p\u00ebrdoret p\u00ebr t\u00eb mbuluar \u00e7do d\u00ebmtim t\u00eb b\u00ebr\u00eb n\u00eb makin\u00eb, q\u00eb mund t\u00eb ndodh\u00eb gjat\u00eb periudh\u00ebs s\u00eb qiras\u00eb s\u00eb makin\u00ebs. Me rastin e kthimit t\u00eb makin\u00ebs, qiramarr\u00ebsi duhet t\u00eb paguaj\u00eb edhe karburantin e konsumuar n\u00eb rezervuarin e karburantit, pasi qiradh\u00ebn\u00ebsi i siguron qiramarr\u00ebsit gjithmon\u00eb rezervuarin e plot\u00eb t\u00eb karburantit.<\/p>\n\n\n\n<h2 class=\"wp-block-heading has-text-color has-link-color wp-elements-31c994fc331ba31908c1c3366efce90f\" style=\"color:#153e4d\">P\u00cbRGJEGJ\u00cbSIA<\/h2>\n\n\n\n<p>Qiramarr\u00ebsi merr p\u00ebrsip\u00ebr p\u00ebrgjegj\u00ebsin\u00eb e plot\u00eb n\u00ebse nj\u00eb ngjarje e pasigurueshme ndodh gjat\u00eb periudh\u00ebs s\u00eb qiras\u00eb. Qiramarr\u00ebsi merr p\u00ebrgjegj\u00ebsin\u00eb p\u00ebr t\u00eb gjitha pasojat q\u00eb mund t\u00eb ndodhin n\u00eb rast t\u00eb transferimit t\u00eb makin\u00ebs tek nj\u00eb person i tret\u00eb. N\u00ebse qiramarr\u00ebsi shkel rregullat e qarkullimit rrugor, ai duhet t\u00eb paguaj\u00eb t\u00eb gjitha gjobat p\u00ebrkat\u00ebse.<br>N\u00eb rast t\u00eb vjedhjes s\u00eb makin\u00ebs, qiramarr\u00ebsi duhet t\u00eb kompensoj\u00eb d\u00ebmin n\u00ebse nuk ia kthen qiradh\u00ebn\u00ebsit \u00e7el\u00ebsat e makin\u00ebs dhe dokumentet e regjistrimit.<\/p>\n\n\n\n<h2 class=\"wp-block-heading has-text-color has-link-color wp-elements-4f08d961c89bf453fb4fc7aac460bf02\" style=\"color:#153e4d\">DEPOZIT<\/h2>\n\n\n\n<p>Shuma do t\u00eb para-autorizohet n\u00eb kart\u00ebn tuaj t\u00eb kreditit n\u00eb momentin e marrjes me qira, por nuk do t\u00eb debitohet nga llogaria juaj. Kjo shum\u00eb do t\u00eb bllokohet n\u00eb kart\u00ebn tuaj t\u00eb kreditit n\u00eb momentin e marrjes, ose n\u00eb rast t\u00eb Check-In Online, do t\u00eb bllokohet brenda 48 or\u00ebve para marrjes. Depozita do t\u00eb p\u00ebrdoret p\u00ebr tarifa shtes\u00eb (p.sh. mungesa e karburantit n\u00eb kthim, dit\u00eb shtes\u00eb, kilometrazhi shtes\u00eb, tarifa n\u00eb nj\u00eb drejtim, etj.).&nbsp;<\/p>\n\n\n\n<h2 class=\"wp-block-heading has-text-color has-link-color wp-elements-5356bfeb8170592c943f8000c528963e\" style=\"color:#153e4d\">Politika e karburantit<\/h2>\n\n\n\n<p>Kthejeni automjetin me t\u00eb nj\u00ebjt\u00ebn sasi karburanti ose p\u00ebrdorni sh\u00ebrbimin ton\u00eb t\u00eb karburantit (\u00e7mimi i komunikuar n\u00eb marrje).<\/p>\n\n\n\n<h2 class=\"wp-block-heading has-text-color has-link-color wp-elements-2691e549fe802d8d3a6f624d170c878c\" style=\"color:#153e4d\">Politika e modifikimit, anulimit dhe rimbursimit<\/h2>\n\n\n\n<ul class=\"wp-block-list\">\n<li>Ndryshimet n\u00eb rezervimin tuaj jan\u00eb pa pages\u00eb deri n\u00eb fillim t\u00eb dit\u00ebs s\u00eb qiras\u00eb (megjith\u00ebse mund t\u00eb zbatohet \u00e7mimi i ri i qiras\u00eb).<\/li>\n\n\n\n<li>Anulim falas deri n\u00eb 48 or\u00eb p\u00ebrpara marrjes.<\/li>\n\n\n\n<li>N\u00ebse nuk arrin t\u00eb marr\u00ebsh automjetin n\u00eb koh\u00ebn e duhur dhe nuk e ke anuluar, do t\u00eb paguhet nj\u00eb tarif\u00eb prej 95 EUR, ose i gjith\u00eb \u00e7mimi i qiras\u00eb n\u00ebse vlera \u00ebsht\u00eb m\u00eb e ul\u00ebt.<\/li>\n<\/ul>","protected":false},"excerpt":{"rendered":"<p>Price Price includes: Civilian insurance, KASKO insurance, Emergency road assistance 24\/7, Sales Tax. PERIOD The renter is obligated to provide a vehicle to the lessee for a specified price.The lessee becomes the righteous owner of a car during the period of rent. The renter insures the car and the lessee. The renter is obligated to&#8230;<\/p>","protected":false},"author":1,"featured_media":0,"parent":0,"menu_order":0,"comment_status":"closed","ping_status":"closed","template":"","meta":{"footnotes":""},"class_list":["post-3","page","type-page","status-publish","hentry"],"_links":{"self":[{"href":"https:\/\/rentacar383.com\/sq\/wp-json\/wp\/v2\/pages\/3","targetHints":{"allow":["GET"]}}],"collection":[{"href":"https:\/\/rentacar383.com\/sq\/wp-json\/wp\/v2\/pages"}],"about":[{"href":"https:\/\/rentacar383.com\/sq\/wp-json\/wp\/v2\/types\/page"}],"author":[{"embeddable":true,"href":"https:\/\/rentacar383.com\/sq\/wp-json\/wp\/v2\/users\/1"}],"replies":[{"embeddable":true,"href":"https:\/\/rentacar383.com\/sq\/wp-json\/wp\/v2\/comments?post=3"}],"version-history":[{"count":4,"href":"https:\/\/rentacar383.com\/sq\/wp-json\/wp\/v2\/pages\/3\/revisions"}],"predecessor-version":[{"id":527,"href":"https:\/\/rentacar383.com\/sq\/wp-json\/wp\/v2\/pages\/3\/revisions\/527"}],"wp:attachment":[{"href":"https:\/\/rentacar383.com\/sq\/wp-json\/wp\/v2\/media?parent=3"}],"curies":[{"name":"wp","href":"https:\/\/api.w.org\/{rel}","templated":true}]}}