{"id":332,"date":"2019-09-30T09:14:25","date_gmt":"2019-09-30T09:14:25","guid":{"rendered":"http:\/\/motorstest.loc\/?page_id=16"},"modified":"2023-12-05T08:39:36","modified_gmt":"2023-12-05T08:39:36","slug":"contact","status":"publish","type":"page","link":"https:\/\/rentacar383.com\/sq\/contact\/","title":{"rendered":"Kontakti"},"content":{"rendered":"<section class=\"wpb-content-wrapper\"><div class=\"vc_row wpb_row vc_row-fluid\"><div class=\"wpb_column vc_column_container vc_col-sm-12\"><div class=\"vc_column-inner\"><div class=\"wpb_wrapper\"><div class=\"vc_row wpb_row vc_inner vc_row-fluid vc_row-o-equal-height vc_row-flex\"><div class=\"info-con-custom wpb_column vc_column_container vc_col-sm-4 vc_col-has-fill\"><div class=\"vc_column-inner vc_custom_1700657083959\"><div class=\"wpb_wrapper\">\n\n\n\t<div class=\"icon-box  icon_box_43398 stm-layout-box-car_dealer\" style=\"color:#232628\">\n\t\t<div class=\"boat-line\"><\/div>\n\t\t\t\t\t<div\n\t\t\t\tclass=\"icon boat-third-color icon_element_66229  vc_custom_1700655635010\"\n\t\t\t\tstyle=\"font-size:20px;\t\t\t\tcolor:#fcbf00; \t\t\t\t\">\n\t\t\t\t<i class=\"fas fa-map-marked-alt\"><\/i>\n\t\t\t<\/div>\n\t\t\t\t<div class=\"icon-text\">\n\t\t\t\t\t\t<h3 class=\"title heading-font\"\n\t\t\tstyle=\"color:#232628\">\n\t\t\t\tAdresa\t\t<\/h3>\n\t\t\t\t\t\t<div class=\"content heading-font\" \n\t\t\tstyle=\"\t\t\t\tfont-size:16px;\t\t\t\">\n\t\t\t\t<p>Magjistralja Prishtine-Mitrovic\u00eb, Km 1<br \/>\nShkabaj<\/p>\n\t\t\t<\/div>\n\t\t\t\t\t\t\t\t\t\t\t<\/div>\n\t\t<div class=\"clearfix\"><\/div>\n\t<\/div>\n\n\t\n\n<style>\n\t\t.icon_element_66229 i::before {\n\t\tcolor: #fcbf00!important;\n\t}\n\t\n\t\n\t\t.icon-box .icon-text .content a {\n\t\tcolor: #232628;\n\t}\n\t\n\t\n\t\n\t<\/style>\n<\/div><\/div><\/div><div class=\"info-con-custom wpb_column vc_column_container vc_col-sm-4 vc_col-has-fill\"><div class=\"vc_column-inner vc_custom_1700657071997\"><div class=\"wpb_wrapper\">\n\n\n\t<div class=\"icon-box  icon_box_63807 stm-layout-box-car_dealer\" style=\"color:#232628\">\n\t\t<div class=\"boat-line\"><\/div>\n\t\t\t\t\t<div\n\t\t\t\tclass=\"icon boat-third-color icon_element_3385  vc_custom_1701700278220\"\n\t\t\t\tstyle=\"font-size:20px;\t\t\t\tcolor:#fcbf00; \t\t\t\t\">\n\t\t\t\t<i class=\"fas fa-address-book\"><\/i>\n\t\t\t<\/div>\n\t\t\t\t<div class=\"icon-text\">\n\t\t\t\t\t\t<h3 class=\"title heading-font\"\n\t\t\tstyle=\"color:#232628\">\n\t\t\t\tKontakti\t\t<\/h3>\n\t\t\t\t\t\t<div class=\"content heading-font\" \n\t\t\tstyle=\"\t\t\t\tfont-size:16px;\t\t\t\">\n\t\t\t\t<p>+38346774774<br \/>\n+38343774774<br \/>\ninfo@rentacar383.com<\/p>\n\t\t\t<\/div>\n\t\t\t\t\t\t\t\t\t\t\t<\/div>\n\t\t<div class=\"clearfix\"><\/div>\n\t<\/div>\n\n\t\n\n<style>\n\t\t.icon_element_3385 i::before {\n\t\tcolor: #fcbf00!important;\n\t}\n\t\n\t\n\t\t.icon-box .icon-text .content a {\n\t\tcolor: #232628;\n\t}\n\t\n\t\n\t\n\t<\/style>\n<\/div><\/div><\/div><div class=\"info-con-custom wpb_column vc_column_container vc_col-sm-4 vc_col-has-fill\"><div class=\"vc_column-inner vc_custom_1700657095356\"><div class=\"wpb_wrapper\">\n\n\n\t<div class=\"icon-box  icon_box_13774 stm-layout-box-car_dealer\" style=\"color:#232628\">\n\t\t<div class=\"boat-line\"><\/div>\n\t\t\t\t\t<div\n\t\t\t\tclass=\"icon boat-third-color icon_element_88735  vc_custom_1700656620886\"\n\t\t\t\tstyle=\"font-size:20px;\t\t\t\tcolor:#fcbf00; \t\t\t\t\">\n\t\t\t\t<i class=\"far fa-clock\"><\/i>\n\t\t\t<\/div>\n\t\t\t\t<div class=\"icon-text\">\n\t\t\t\t\t\t<h3 class=\"title heading-font\"\n\t\t\tstyle=\"color:#232628\">\n\t\t\t\tOrari i Pun\u00ebs\t\t<\/h3>\n\t\t\t\t\t\t<div class=\"content heading-font\" \n\t\t\tstyle=\"\t\t\t\tfont-size:16px;\t\t\t\">\n\t\t\t\t<p>24\/7<\/p>\n\t\t\t<\/div>\n\t\t\t\t\t\t\t\t\t\t\t<\/div>\n\t\t<div class=\"clearfix\"><\/div>\n\t<\/div>\n\n\t\n\n<style>\n\t\t.icon_element_88735 i::before {\n\t\tcolor: #fcbf00!important;\n\t}\n\t\n\t\n\t\t.icon-box .icon-text .content a {\n\t\tcolor: #232628;\n\t}\n\t\n\t\n\t\n\t<\/style>\n<\/div><\/div><\/div><\/div><div class=\"vc_row wpb_row vc_inner vc_row-fluid vc_custom_1572348509058 vc_row-o-equal-height vc_row-flex\"><div class=\"wpb_column vc_column_container vc_col-sm-12\"><div class=\"vc_column-inner vc_custom_1701765574741\"><div class=\"wpb_wrapper\">\n\t<div class=\"wpb_text_column wpb_content_element\" >\n\t\t<div class=\"wpb_wrapper\">\n\t\t\t<h3>P\u00ebr ne<\/h3>\n\n\t\t<\/div>\n\t<\/div>\n\n\t<div class=\"wpb_text_column wpb_content_element\" >\n\t\t<div class=\"wpb_wrapper\">\n\t\t\t<p>Rent a Car 383 \u00ebsht\u00eb biznes dinamik dhe i p\u00ebrqendruar te klienti.<\/p>\n<p>Me nje gam\u00eb t\u00eb gj\u00ebre automjetesh t\u00eb cil\u00ebsis\u00eb s\u00eb lart\u00eb, ne synojm\u00eb t\u00eb plot\u00ebsojm\u00eb nevojat dhe preferencat e ndryshme t\u00eb klienteve tan\u00eb.<\/p>\n<p>Ne ofrojm\u00eb zgjidhje fleksib\u00ebl dhe t\u00eb p\u00ebrshtatshme qoft\u00eb p\u00ebr nj\u00eb udh\u00ebtim t\u00eb shkurt\u00ebr, nj\u00eb marrje me qira afatgjat\u00eb ose nj\u00eb rast t\u00eb veqant\u00eb.<\/p>\n<p>Strategjite tona t\u00eb \u00e7mimeve jan\u00eb krijuar n\u00eb at\u00eb form\u00eb q\u00eb ti p\u00ebrshtaten cdo klienti.<\/p>\n<p>Pra knaq\u00ebsia e klientit \u00ebsht\u00eb prioriteti yn\u00eb.<\/p>\n\n\t\t<\/div>\n\t<\/div>\n<\/div><\/div><\/div><div class=\"wpb_column vc_column_container vc_col-sm-12 vc_col-lg-5 vc_col-md-5\"><div class=\"vc_column-inner\"><div class=\"wpb_wrapper\"><div class=\"wpb_gmaps_widget wpb_content_element\"><div class=\"wpb_wrapper\"><div class=\"wpb_map_wraper\"><iframe src=\"https:\/\/maps.google.com\/maps?q=42.66803329516817,21.12174508092652&ll=42.66803329516817,21.12174508092652&z=13&ie=UTF8&iwloc=&output=embed&markers=42.66803329516817,21.12174508092652\" width=\"600\" height=\"600\" frameborder=\"0\" style=\"border:0\" allowfullscreen><\/iframe><\/div><\/div><\/div><\/div><\/div><\/div><div class=\"wpb_column vc_column_container vc_col-sm-12 vc_col-lg-7 vc_col-md-7\"><div class=\"vc_column-inner vc_custom_1572610648704\"><div class=\"wpb_wrapper\">\n\t<div class=\"wpb_text_column wpb_content_element  vc_custom_1572349982108\" >\n\t\t<div class=\"wpb_wrapper\">\n\t\t\t<h2><span style=\"color: #5a5a5a;\">Forma e Kontaktit<\/span><\/h2>\n<p><span style=\"color: #9a9a9a; font-size: 16px;\">Na telefononi ose na telefononi n\u00eb \u00e7do koh\u00eb, ne p\u00ebrpiqemi t'u p\u00ebrgjigjemi t\u00eb gjitha pyetjeve brenda 24 or\u00ebve n\u00eb dit\u00ebt e pun\u00ebs.<\/span><\/p>\n\n\t\t<\/div>\n\t<\/div>\n\n<div class=\"wpcf7 no-js\" id=\"wpcf7-f463-o2\" lang=\"en-US\" dir=\"ltr\">\n<div class=\"screen-reader-response\"><p role=\"status\" aria-live=\"polite\" aria-atomic=\"true\"><\/p> <ul><\/ul><\/div>\n<form action=\"\/sq\/wp-json\/wp\/v2\/pages\/332#wpcf7-f463-o2\" method=\"post\" class=\"wpcf7-form init\" aria-label=\"Contact form\" novalidate=\"novalidate\" data-status=\"init\" data-trp-original-action=\"\/sq\/wp-json\/wp\/v2\/pages\/332#wpcf7-f463-o2\">\n<div style=\"display: none;\">\n<input type=\"hidden\" name=\"_wpcf7\" value=\"463\" \/>\n<input type=\"hidden\" name=\"_wpcf7_version\" value=\"5.9\" \/>\n<input type=\"hidden\" name=\"_wpcf7_locale\" value=\"en_US\" \/>\n<input type=\"hidden\" name=\"_wpcf7_unit_tag\" value=\"wpcf7-f463-o2\" \/>\n<input type=\"hidden\" name=\"_wpcf7_container_post\" value=\"0\" \/>\n<input type=\"hidden\" name=\"_wpcf7_posted_data_hash\" value=\"\" \/>\n<input type=\"hidden\" name=\"_wpcf7_recaptcha_response\" value=\"\" \/>\n<\/div>\n<div class=\"row\">\n            <div class=\"col-md-12\">\n                <div class=\"form-group\">\n                    <span class=\"wpcf7-form-control-wrap\" data-name=\"fullname\"><input size=\"40\" class=\"wpcf7-form-control wpcf7-text wpcf7-validates-as-required\" aria-required=\"true\" aria-invalid=\"false\" placeholder=\"Shkruaj emrin dhe mbiemrin\" value=\"\" type=\"text\" name=\"fullname\" \/><\/span>\n                <\/div>\n            <\/div>\n<\/div>\n        <div class=\"row\">\n            <div class=\"col-md-12\">\n                <div class=\"form-group\">\n                    <span class=\"wpcf7-form-control-wrap\" data-name=\"email\"><input size=\"40\" class=\"wpcf7-form-control wpcf7-email wpcf7-validates-as-required wpcf7-text wpcf7-validates-as-email\" aria-required=\"true\" aria-invalid=\"false\" placeholder=\"email@domain.com\" value=\"\" type=\"email\" name=\"email\" \/><\/span>\n                <\/div>\n            <\/div>\n<\/div>\n<div class=\"row\">\n            <div class=\"col-md-12\">\n                <div class=\"form-group\">\n                    <span class=\"wpcf7-form-control-wrap\" data-name=\"phone\"><input size=\"40\" class=\"wpcf7-form-control wpcf7-tel wpcf7-text wpcf7-validates-as-tel\" aria-invalid=\"false\" placeholder=\"Numri i telefonit\" value=\"\" type=\"tel\" name=\"phone\" \/><\/span>\n                <\/div>\n            <\/div>\n        <\/div>\n<div class=\"row\">\n<div class=\"col-md-12\">\n            <div class=\"form-group\">\n                <span class=\"wpcf7-form-control-wrap\" data-name=\"message\"><textarea cols=\"40\" rows=\"10\" class=\"wpcf7-form-control wpcf7-textarea\" aria-invalid=\"false\" placeholder=\"Shkruaj mesazhin tuaj...\" name=\"message\"><\/textarea><\/span>\n            <\/div>\n        <\/div>\n<\/div>\n<div class=\"row\">\n<div class=\"col-md-12\">\n        <div class=\"contact-us-submit\">\n<input class=\"wpcf7-form-control wpcf7-submit has-spinner contact-us-submit\" type=\"submit\" value=\"D\u00ebrgo\" \/>\n        <\/div>\n<\/div>\n<\/div><div class=\"wpcf7-response-output\" aria-hidden=\"true\"><\/div>\n<input type=\"hidden\" name=\"trp-form-language\" value=\"sq\"\/><\/form>\n<\/div>\n<\/div><\/div><\/div><\/div><\/div><\/div><\/div><\/div>\n<\/section>","protected":false},"excerpt":{"rendered":"Address Magjistralja Prishtine-Mitrovic\u00eb, Km 1 Shkabaj Contact +38346774774 +38343774774 info@rentacar383.com Working Hours 24\/7 About Us Rent a Car 383 is a dynamic and customer-focused business. With a wide range of high quality vehicles, we aim to meet the diverse needs and preferences of our customers. We offer flexible and convenient solutions whether for a short...","protected":false},"author":1,"featured_media":0,"parent":0,"menu_order":0,"comment_status":"closed","ping_status":"closed","template":"","meta":{"footnotes":""},"class_list":["post-332","page","type-page","status-publish","hentry"],"_links":{"self":[{"href":"https:\/\/rentacar383.com\/sq\/wp-json\/wp\/v2\/pages\/332","targetHints":{"allow":["GET"]}}],"collection":[{"href":"https:\/\/rentacar383.com\/sq\/wp-json\/wp\/v2\/pages"}],"about":[{"href":"https:\/\/rentacar383.com\/sq\/wp-json\/wp\/v2\/types\/page"}],"author":[{"embeddable":true,"href":"https:\/\/rentacar383.com\/sq\/wp-json\/wp\/v2\/users\/1"}],"replies":[{"embeddable":true,"href":"https:\/\/rentacar383.com\/sq\/wp-json\/wp\/v2\/comments?post=332"}],"version-history":[{"count":25,"href":"https:\/\/rentacar383.com\/sq\/wp-json\/wp\/v2\/pages\/332\/revisions"}],"predecessor-version":[{"id":517,"href":"https:\/\/rentacar383.com\/sq\/wp-json\/wp\/v2\/pages\/332\/revisions\/517"}],"wp:attachment":[{"href":"https:\/\/rentacar383.com\/sq\/wp-json\/wp\/v2\/media?parent=332"}],"curies":[{"name":"wp","href":"https:\/\/api.w.org\/{rel}","templated":true}]}}